{"id":618,"date":"2014-04-09T06:29:58","date_gmt":"2014-04-09T04:29:58","guid":{"rendered":"http:\/\/holmi.kl-kl.si\/?page_id=618"},"modified":"2017-02-28T13:07:39","modified_gmt":"2017-02-28T12:07:39","slug":"fiatalok-vilaga-lendva","status":"publish","type":"page","link":"https:\/\/kjekaj.kl-kl.si\/?page_id=618","title":{"rendered":"Turisztikai \u00e9s Fejleszt\u00e9si K\u00f6zint\u00e9zet Lendva"},"content":{"rendered":"Ni dogodkov. \u2013 Nincs esem\u00e9ny.\n","protected":false},"excerpt":{"rendered":"","protected":false},"author":1,"featured_media":0,"parent":523,"menu_order":0,"comment_status":"closed","ping_status":"closed","template":"","meta":[],"_links":{"self":[{"href":"https:\/\/kjekaj.kl-kl.si\/index.php?rest_route=\/wp\/v2\/pages\/618"}],"collection":[{"href":"https:\/\/kjekaj.kl-kl.si\/index.php?rest_route=\/wp\/v2\/pages"}],"about":[{"href":"https:\/\/kjekaj.kl-kl.si\/index.php?rest_route=\/wp\/v2\/types\/page"}],"author":[{"embeddable":true,"href":"https:\/\/kjekaj.kl-kl.si\/index.php?rest_route=\/wp\/v2\/users\/1"}],"replies":[{"embeddable":true,"href":"https:\/\/kjekaj.kl-kl.si\/index.php?rest_route=%2Fwp%2Fv2%2Fcomments&post=618"}],"version-history":[{"count":2,"href":"https:\/\/kjekaj.kl-kl.si\/index.php?rest_route=\/wp\/v2\/pages\/618\/revisions"}],"predecessor-version":[{"id":1755,"href":"https:\/\/kjekaj.kl-kl.si\/index.php?rest_route=\/wp\/v2\/pages\/618\/revisions\/1755"}],"up":[{"embeddable":true,"href":"https:\/\/kjekaj.kl-kl.si\/index.php?rest_route=\/wp\/v2\/pages\/523"}],"wp:attachment":[{"href":"https:\/\/kjekaj.kl-kl.si\/index.php?rest_route=%2Fwp%2Fv2%2Fmedia&parent=618"}],"curies":[{"name":"wp","href":"https:\/\/api.w.org\/{rel}","templated":true}]}}