{"id":626,"date":"2014-04-09T06:32:17","date_gmt":"2014-04-09T04:32:17","guid":{"rendered":"http:\/\/holmi.kl-kl.si\/?page_id=626"},"modified":"2014-04-15T13:38:20","modified_gmt":"2014-04-15T11:38:20","slug":"kulturegyesuletek-kozsegi-szovetsege-lendva","status":"publish","type":"page","link":"http:\/\/kjekaj.kl-kl.si\/?page_id=626","title":{"rendered":"Kult\u00faregyes\u00fcletek K\u00f6zs\u00e9gi Sz\u00f6vets\u00e9ge Lendva"},"content":{"rendered":"Ni dogodkov. \u2013 Nincs esem\u00e9ny.\n","protected":false},"excerpt":{"rendered":"","protected":false},"author":1,"featured_media":0,"parent":523,"menu_order":0,"comment_status":"closed","ping_status":"closed","template":"","meta":[],"_links":{"self":[{"href":"http:\/\/kjekaj.kl-kl.si\/index.php?rest_route=\/wp\/v2\/pages\/626"}],"collection":[{"href":"http:\/\/kjekaj.kl-kl.si\/index.php?rest_route=\/wp\/v2\/pages"}],"about":[{"href":"http:\/\/kjekaj.kl-kl.si\/index.php?rest_route=\/wp\/v2\/types\/page"}],"author":[{"embeddable":true,"href":"http:\/\/kjekaj.kl-kl.si\/index.php?rest_route=\/wp\/v2\/users\/1"}],"replies":[{"embeddable":true,"href":"http:\/\/kjekaj.kl-kl.si\/index.php?rest_route=%2Fwp%2Fv2%2Fcomments&post=626"}],"version-history":[{"count":2,"href":"http:\/\/kjekaj.kl-kl.si\/index.php?rest_route=\/wp\/v2\/pages\/626\/revisions"}],"predecessor-version":[{"id":726,"href":"http:\/\/kjekaj.kl-kl.si\/index.php?rest_route=\/wp\/v2\/pages\/626\/revisions\/726"}],"up":[{"embeddable":true,"href":"http:\/\/kjekaj.kl-kl.si\/index.php?rest_route=\/wp\/v2\/pages\/523"}],"wp:attachment":[{"href":"http:\/\/kjekaj.kl-kl.si\/index.php?rest_route=%2Fwp%2Fv2%2Fmedia&parent=626"}],"curies":[{"name":"wp","href":"https:\/\/api.w.org\/{rel}","templated":true}]}}