{"id":541,"date":"2014-03-31T11:53:17","date_gmt":"2014-03-31T09:53:17","guid":{"rendered":"http:\/\/holmi.kl-kl.si\/?page_id=541"},"modified":"2014-03-31T11:53:17","modified_gmt":"2014-03-31T09:53:17","slug":"jogi-nyilatkozat","status":"publish","type":"page","link":"http:\/\/kjekaj.kl-kl.si\/?page_id=541","title":{"rendered":"Jogi nyilatkozat"},"content":{"rendered":"<p style=\"text-align: justify;\">A napt\u00e1rba jogi felel\u0151ss\u00e9g terhe alatt azok a szervezetek \u00edrj\u00e1k be a rendezv\u00e9nyeiket, akiknek a Knji\u017enica Lendava \u2013 K\u00f6nyvt\u00e1r Lendva hozz\u00e1f\u00e9r\u00e9st biztos\u00edt.<\/p>\n<p style=\"text-align: justify;\">Saj\u00e1t k\u00f6zz\u00e9t\u00e9telein k\u00edv\u00fcl a Knji\u017enica Lendava \u2013 K\u00f6nyvt\u00e1r Lendva nem v\u00e1llal semmilyen felel\u0151ss\u00e9get a be\u00edrt adatok tartalm\u00e1t, v\u00e1ltoz\u00e1sait \u00e9s hiteless\u00e9g\u00e9t illet\u0151en.<\/p>\n","protected":false},"excerpt":{"rendered":"<p>A napt\u00e1rba jogi felel\u0151ss\u00e9g terhe alatt azok a szervezetek \u00edrj\u00e1k be a rendezv\u00e9nyeiket, akiknek a Knji\u017enica Lendava \u2013 K\u00f6nyvt\u00e1r Lendva hozz\u00e1f\u00e9r\u00e9st biztos\u00edt. Saj\u00e1t k\u00f6zz\u00e9t\u00e9telein k\u00edv\u00fcl a Knji\u017enica Lendava \u2013 K\u00f6nyvt\u00e1r Lendva nem v\u00e1llal semmilyen felel\u0151ss\u00e9get a be\u00edrt adatok tartalm\u00e1t, v\u00e1ltoz\u00e1sait \u00e9s hiteless\u00e9g\u00e9t illet\u0151en.<\/p>\n","protected":false},"author":1,"featured_media":0,"parent":0,"menu_order":10,"comment_status":"closed","ping_status":"open","template":"","meta":[],"_links":{"self":[{"href":"http:\/\/kjekaj.kl-kl.si\/index.php?rest_route=\/wp\/v2\/pages\/541"}],"collection":[{"href":"http:\/\/kjekaj.kl-kl.si\/index.php?rest_route=\/wp\/v2\/pages"}],"about":[{"href":"http:\/\/kjekaj.kl-kl.si\/index.php?rest_route=\/wp\/v2\/types\/page"}],"author":[{"embeddable":true,"href":"http:\/\/kjekaj.kl-kl.si\/index.php?rest_route=\/wp\/v2\/users\/1"}],"replies":[{"embeddable":true,"href":"http:\/\/kjekaj.kl-kl.si\/index.php?rest_route=%2Fwp%2Fv2%2Fcomments&post=541"}],"version-history":[{"count":1,"href":"http:\/\/kjekaj.kl-kl.si\/index.php?rest_route=\/wp\/v2\/pages\/541\/revisions"}],"predecessor-version":[{"id":542,"href":"http:\/\/kjekaj.kl-kl.si\/index.php?rest_route=\/wp\/v2\/pages\/541\/revisions\/542"}],"wp:attachment":[{"href":"http:\/\/kjekaj.kl-kl.si\/index.php?rest_route=%2Fwp%2Fv2%2Fmedia&parent=541"}],"curies":[{"name":"wp","href":"https:\/\/api.w.org\/{rel}","templated":true}]}}