{"id":539,"date":"2014-03-31T11:53:17","date_gmt":"2014-03-31T09:53:00","guid":{"rendered":"http:\/\/holmi.kl-kl.si\/?page_id=539"},"modified":"2014-03-31T11:53:00","modified_gmt":"2014-03-31T09:53:00","slug":"pravno-obvestilo","status":"publish","type":"page","link":"http:\/\/kjekaj.kl-kl.si\/?page_id=539","title":{"rendered":"Pravno obvestilo"},"content":{"rendered":"<p style=\"text-align: justify;\">V koledar vpisujejo svoje prireditve in so za vse navedbe pravno odgovorne organizacije, katerim Knji\u017enica Lendava \u2013 K\u00f6nyvt\u00e1r Lendva omogo\u010di dostop.<\/p>\n<p style=\"text-align: justify;\">\nKnji\u017enica Lendava \u2013 K\u00f6nyvt\u00e1r Lendva, razen lastnih objav, ne prevzema nobene odgovornosti glede vsebine, sprememb in resni\u010dnosti vpisanih podatkov.<\/p>\n","protected":false},"excerpt":{"rendered":"<p>V koledar vpisujejo svoje prireditve in so za vse navedbe pravno odgovorne organizacije, katerim Knji\u017enica Lendava \u2013 K\u00f6nyvt\u00e1r Lendva omogo\u010di dostop. Knji\u017enica Lendava \u2013 K\u00f6nyvt\u00e1r Lendva, razen lastnih objav, ne prevzema nobene odgovornosti glede vsebine, sprememb in resni\u010dnosti vpisanih podatkov.<\/p>\n","protected":false},"author":1,"featured_media":0,"parent":0,"menu_order":10,"comment_status":"closed","ping_status":"open","template":"","meta":[],"_links":{"self":[{"href":"http:\/\/kjekaj.kl-kl.si\/index.php?rest_route=\/wp\/v2\/pages\/539"}],"collection":[{"href":"http:\/\/kjekaj.kl-kl.si\/index.php?rest_route=\/wp\/v2\/pages"}],"about":[{"href":"http:\/\/kjekaj.kl-kl.si\/index.php?rest_route=\/wp\/v2\/types\/page"}],"author":[{"embeddable":true,"href":"http:\/\/kjekaj.kl-kl.si\/index.php?rest_route=\/wp\/v2\/users\/1"}],"replies":[{"embeddable":true,"href":"http:\/\/kjekaj.kl-kl.si\/index.php?rest_route=%2Fwp%2Fv2%2Fcomments&post=539"}],"version-history":[{"count":1,"href":"http:\/\/kjekaj.kl-kl.si\/index.php?rest_route=\/wp\/v2\/pages\/539\/revisions"}],"predecessor-version":[{"id":540,"href":"http:\/\/kjekaj.kl-kl.si\/index.php?rest_route=\/wp\/v2\/pages\/539\/revisions\/540"}],"wp:attachment":[{"href":"http:\/\/kjekaj.kl-kl.si\/index.php?rest_route=%2Fwp%2Fv2%2Fmedia&parent=539"}],"curies":[{"name":"wp","href":"https:\/\/api.w.org\/{rel}","templated":true}]}}