{"id":537,"date":"2014-03-31T11:52:07","date_gmt":"2014-03-31T09:52:07","guid":{"rendered":"http:\/\/holmi.kl-kl.si\/?page_id=537"},"modified":"2014-03-31T11:52:07","modified_gmt":"2014-03-31T09:52:07","slug":"helyszinek","status":"publish","type":"page","link":"http:\/\/kjekaj.kl-kl.si\/?page_id=537","title":{"rendered":"Helysz\u00ednek"},"content":{"rendered":"\t<div class=\"em-location-map-container\"  style='position:relative; background: #CDCDCD; width: 600px; height: 400px;'>\r\n\t\t<div class='em-locations-map' id='em-locations-map-94b83' style=\"width:100%; height:100%\"><em>Nalaganje mape ....<\/em><\/div>\r\n\t\t<div class='em-locations-map-coords' id='em-locations-map-coords-94b83' style=\"display:none; visibility:hidden;\">{\"width\":\"600px\",\"height\":\"400px\",\"em_ajax\":true,\"query\":\"GlobalMapData\",\"random_id\":\"94b83\"}<\/div>\r\n\t\t\t<\/div>\r\n\t\n<ul><\/p>\n<li><a href=\"http:\/\/kjekaj.kl-kl.si\/?location=zasuerdu-volgyifalui-focipalya-nogometno-igrisce-v-dolini\">&quot;Zasuerd\u00fc&quot; (v\u00f6lgyifalui focip\u00e1lya - nogometno igri\u0161\u010de v Dolini)<\/a><\/li>\n<p>            Dolina-V\u00f6lgyifalu, Dolina-V\u00f6lgyifalu, 9220<br \/>\n<\/p>\n<li><a href=\"http:\/\/kjekaj.kl-kl.si\/?location=banffy-kozpont-2\">B\u00e1nffy K\u00f6zpont<\/a><\/li>\n<p>            Glavna ulica 32, Lendava, 9220<br \/>\n<\/p>\n<li><a href=\"http:\/\/kjekaj.kl-kl.si\/?location=banffy-kozpont\">B\u00e1nffy K\u00f6zpont<\/a><\/li>\n<p>            Glavna ulica 32, Lendava, 9220<br \/>\n<\/p>\n<li><a href=\"http:\/\/kjekaj.kl-kl.si\/?location=banffy-kozpont-center-banffy\">B\u00e1nffy K\u00f6zpont - Center B\u00e1nffy<\/a><\/li>\n<p>            F\u0151 utca - Glavna ulica 32, Lendva-Lendava, 9220<br \/>\n<\/p>\n<li><a href=\"http:\/\/kjekaj.kl-kl.si\/?location=center-murania-centiba-murania-kozpont-csente\">Center Murania \u010centiba - Murania K\u00f6zpont Csente<\/a><\/li>\n<p>            Lendavska cesta 19, \u010centiba - Csente<br \/>\n<\/p>\n<li><a href=\"http:\/\/kjekaj.kl-kl.si\/?location=cerkev-sv-katarine-szent-katalin-templom\">Cerkev sv. Katarine \/ Szent Katalin-templom<\/a><\/li>\n<p>            Cerkveni trg-Templom t\u00e9r 2, Lendava-Lendva, 9220<br \/>\n<\/p>\n<li><a href=\"http:\/\/kjekaj.kl-kl.si\/?location=cerkveni-trg-templom-ter\">Cerkveni trg - Templom t\u00e9r<\/a><\/li>\n<p>            Cerkveni trg - Templom t\u00e9r 2., Lendava - Lendva, 9220<br \/>\n<\/p>\n<li><a href=\"http:\/\/kjekaj.kl-kl.si\/?location=dclinic-studios\">D&#039;CLINIC studios<\/a><\/li>\n<p>            Glavna ulica 52, Lendava, 9220<br \/>\n<\/p>\n<li><a href=\"http:\/\/kjekaj.kl-kl.si\/?location=dobronoki-gyorgy-haz\">Dobronoki Gy\u00f6rgy-h\u00e1z<\/a><\/li>\n<p>            Dobrovnik-Dobronak, Dobrovnik-Dobronak, 9223<br \/>\n<\/p>\n<li><a href=\"http:\/\/kjekaj.kl-kl.si\/?location=dobrovnik-dobronak\">Dobrovnik-Dobronak<\/a><\/li>\n<p>            Dobrovnik-Dobronak, Dobrovnik-Dobronak, 9223<br \/>\n<\/p>\n<li><a href=\"http:\/\/kjekaj.kl-kl.si\/?location=dos-i-lendava-i-sz-lendvai-kai\">DO\u0160 I. Lendava - 1. Sz. Lendvai K\u00c1I<\/a><\/li>\n<p>            Kranj\u010deva ulica 44, Lendava, 9220<br \/>\n<\/p>\n<li><a href=\"http:\/\/kjekaj.kl-kl.si\/?location=dos-ii-lendava-lendvai-2-sz-kai\">DO\u0160 II. LENDAVA - LENDVAI 2. SZ. K\u00c1I<\/a><\/li>\n<p>            Ulica sv. \u0160tefana 21, Lendava \/ Lendva, 9220<br \/>\n<\/p>\n<li><a href=\"http:\/\/kjekaj.kl-kl.si\/?location=dvojezicna-osnovna-sola-dobrovnik-ketnyelvu-altalanos-iskola-dobronak\">Dvojezi\u010dna osnovna \u0161ola Dobrovnik - K\u00e9tnyelv\u0171 \u00c1ltal\u00e1nos Iskola, Dobronak<\/a><\/li>\n<p>            Dobrovnik-Dobronak 266\/j, Dobrovnik-Dobronak, 9223<br \/>\n<\/p>\n<li><a href=\"http:\/\/kjekaj.kl-kl.si\/?location=dvojezicna-osnovna-sola-genterovci-gonterhazi-ketnyelvu-altalanos-iskola\">Dvojezi\u010dna osnovna \u0161ola Genterovci - G\u00f6nt\u00e9rh\u00e1zi K\u00e9tnyelv\u0171 \u00c1ltal\u00e1nos Iskola<\/a><\/li>\n<p>            \u0160olska ulica - Iskola utca 2, Genterovci - G\u00f6nt\u00e9rh\u00e1za, 9223<br \/>\n<\/p>\n<li><a href=\"http:\/\/kjekaj.kl-kl.si\/?location=dvojezicna-osnovna-sola-i-lendava-1-sz-lendvai-ketnyelvu-altalanos-iskola\">Dvojezi\u010dna osnovna \u0161ola I Lendava - 1. Sz. Lendvai K\u00e9tnyelv\u0171 \u00c1ltal\u00e1nos Iskola<\/a><\/li>\n<p>            Kranj\u010deva ulica-Kranjec utca 44, Lendava-Lendva, 9220<br \/>\n<\/p>\n<li><a href=\"http:\/\/kjekaj.kl-kl.si\/?location=dvojezicna-osnovna-sola-prosenjakovci-ketnyelvu-altalanos-iskola-partosfalva\">Dvojezi\u010dna osnovna \u0161ola Prosenjakovci - K\u00e9tnyelv\u0171 \u00c1ltal\u00e1nos Iskola, P\u00e1rtosfalva<\/a><\/li>\n<p>            Prosenjakovci-P\u00e1rtosfalva 97\/c, Prosenjakovci-P\u00e1rtosfalva, 9207<br \/>\n<\/p>\n<li><a href=\"http:\/\/kjekaj.kl-kl.si\/?location=dvojezicna-srednja-sola-lendava-ketnyelvu-kozepiskola-lendva\">Dvojezi\u010dna srednja \u0161ola Lendava \/ K\u00e9tnyelv\u0171 K\u00f6z\u00e9piskola, Lendva<\/a><\/li>\n<p>            Kolodvorska ulica 2E \/ Vas\u00fat utca 2E, Lendava - Lendva, 9220<br \/>\n<\/p>\n<li><a href=\"http:\/\/kjekaj.kl-kl.si\/?location=partosfalva-faluotthon-prosenjakovci-vaski-dom\">faluotthon - va\u0161ki dom<\/a><\/li>\n<p>            Prosenjakovci -  P\u00e1rtosfalva 96, Prosenjakovci - P\u00e1rtosfalva, 9207<br \/>\n<\/p>\n<li><a href=\"http:\/\/kjekaj.kl-kl.si\/?location=gaborjanhaza\">G\u00e1borj\u00e1nh\u00e1za<\/a><\/li>\n<p>            G\u00e1borj\u00e1nh\u00e1za, G\u00e1borj\u00e1nh\u00e1za<br \/>\n<\/p>\n<li><a href=\"http:\/\/kjekaj.kl-kl.si\/?location=galerija-muzej-lendava-lendvai-galeria-es-muzeum\">Galerija-Muzej Lendava \/ Lendvai Gal\u00e9ria \u00e9s M\u00fazeum<\/a><\/li>\n<p>            B\u00e1nffyjev trg - B\u00e1nffy t\u00e9r 1., Lendava-Lendva, 9220<br \/>\n<span class=\"em-pagination\" > <strong><span class=\"page-numbers current\">1<\/span><\/strong> <a class=\"page-numbers\" href=\"\/index.php?rest_route=%252Fwp%252Fv2%252Fpages%252F537&#038;pno=2\" title=\"2\">2<\/a>  <a class=\"page-numbers\" href=\"\/index.php?rest_route=%252Fwp%252Fv2%252Fpages%252F537&#038;pno=3\" title=\"3\">3<\/a>  <a class=\"page-numbers\" href=\"\/index.php?rest_route=%252Fwp%252Fv2%252Fpages%252F537&#038;pno=4\" title=\"4\">4<\/a>  <a class=\"next page-numbers\" href=\"\/index.php?rest_route=%252Fwp%252Fv2%252Fpages%252F537&#038;pno=2\" title=\"2\">&gt;<\/a>  <\/span><\/ul>\n","protected":false},"excerpt":{"rendered":"","protected":false},"author":1,"featured_media":0,"parent":0,"menu_order":3,"comment_status":"open","ping_status":"closed","template":"","meta":[],"_links":{"self":[{"href":"http:\/\/kjekaj.kl-kl.si\/index.php?rest_route=\/wp\/v2\/pages\/537"}],"collection":[{"href":"http:\/\/kjekaj.kl-kl.si\/index.php?rest_route=\/wp\/v2\/pages"}],"about":[{"href":"http:\/\/kjekaj.kl-kl.si\/index.php?rest_route=\/wp\/v2\/types\/page"}],"author":[{"embeddable":true,"href":"http:\/\/kjekaj.kl-kl.si\/index.php?rest_route=\/wp\/v2\/users\/1"}],"replies":[{"embeddable":true,"href":"http:\/\/kjekaj.kl-kl.si\/index.php?rest_route=%2Fwp%2Fv2%2Fcomments&post=537"}],"version-history":[{"count":1,"href":"http:\/\/kjekaj.kl-kl.si\/index.php?rest_route=\/wp\/v2\/pages\/537\/revisions"}],"predecessor-version":[{"id":538,"href":"http:\/\/kjekaj.kl-kl.si\/index.php?rest_route=\/wp\/v2\/pages\/537\/revisions\/538"}],"wp:attachment":[{"href":"http:\/\/kjekaj.kl-kl.si\/index.php?rest_route=%2Fwp%2Fv2%2Fmedia&parent=537"}],"curies":[{"name":"wp","href":"https:\/\/api.w.org\/{rel}","templated":true}]}}