{"id":3422,"date":"2022-11-23T12:25:06","date_gmt":"2022-11-23T11:25:06","guid":{"rendered":"https:\/\/holmi.kl-kl.si\/?page_id=3422"},"modified":"2022-11-23T12:33:55","modified_gmt":"2022-11-23T11:33:55","slug":"lendva-kozseg-magyar-nemzeti-onkormanyzati-kozosseg","status":"publish","type":"page","link":"http:\/\/kjekaj.kl-kl.si\/?page_id=3422","title":{"rendered":"Muravid\u00e9ki Magyar \u00d6nkorm\u00e1nyzati Nemzeti K\u00f6z\u00f6ss\u00e9g"},"content":{"rendered":"Ni dogodkov. \u2013 Nincs esem\u00e9ny.\n","protected":false},"excerpt":{"rendered":"","protected":false},"author":1,"featured_media":0,"parent":523,"menu_order":0,"comment_status":"closed","ping_status":"closed","template":"","meta":[],"_links":{"self":[{"href":"http:\/\/kjekaj.kl-kl.si\/index.php?rest_route=\/wp\/v2\/pages\/3422"}],"collection":[{"href":"http:\/\/kjekaj.kl-kl.si\/index.php?rest_route=\/wp\/v2\/pages"}],"about":[{"href":"http:\/\/kjekaj.kl-kl.si\/index.php?rest_route=\/wp\/v2\/types\/page"}],"author":[{"embeddable":true,"href":"http:\/\/kjekaj.kl-kl.si\/index.php?rest_route=\/wp\/v2\/users\/1"}],"replies":[{"embeddable":true,"href":"http:\/\/kjekaj.kl-kl.si\/index.php?rest_route=%2Fwp%2Fv2%2Fcomments&post=3422"}],"version-history":[{"count":3,"href":"http:\/\/kjekaj.kl-kl.si\/index.php?rest_route=\/wp\/v2\/pages\/3422\/revisions"}],"predecessor-version":[{"id":3430,"href":"http:\/\/kjekaj.kl-kl.si\/index.php?rest_route=\/wp\/v2\/pages\/3422\/revisions\/3430"}],"up":[{"embeddable":true,"href":"http:\/\/kjekaj.kl-kl.si\/index.php?rest_route=\/wp\/v2\/pages\/523"}],"wp:attachment":[{"href":"http:\/\/kjekaj.kl-kl.si\/index.php?rest_route=%2Fwp%2Fv2%2Fmedia&parent=3422"}],"curies":[{"name":"wp","href":"https:\/\/api.w.org\/{rel}","templated":true}]}}