{"id":184,"date":"2014-03-31T11:49:27","date_gmt":"2014-03-31T09:49:27","guid":{"rendered":"http:\/\/holmi.kl-kl.si\/?page_id=184"},"modified":"2014-04-09T06:42:10","modified_gmt":"2014-04-09T04:42:10","slug":"zkmn-mnmi","status":"publish","type":"page","link":"http:\/\/kjekaj.kl-kl.si\/?page_id=184","title":{"rendered":"Zavod za kulturo mad\u017earske narodnosti"},"content":{"rendered":"<table cellpadding=\"0\" cellspacing=\"0\" class=\"events-table\" >\r\n    <thead>\r\n        <tr>\r\n\t\t\t<th class=\"event-time\" width=\"150\">Datum \u2013 D\u00e1tum<br \/>\u010cas \u2013 Id\u0151pont<\/th>\r\n\t\t\t<th class=\"event-description\" width=\"*\">Dogodek \u2013 Esem\u00e9ny<\/th>\r\n\t\t<\/tr>\r\n   \t<\/thead>\r\n    <tbody><tr>\r\n\t<td>  \r\n\t\t15. 05. 2026<br\/>\r\n\t\t<i>19:00 - 20:30<\/i>\r\n\t<\/td>\r\n\t<td style=\"line-height: 1.5\">\r\n\t\t<span style=\"font-size:110%\"><b><a href=\"http:\/\/kjekaj.kl-kl.si\/?event=bekecs-tancegyuttes\">Bekecs T\u00e1ncegy\u00fcttes<\/a><\/b><br \/><\/span>\r\n<small>\r\n<b>Organizator \u2013 Szervez\u0151:<\/b><br \/>\r\n\t\t<span style=\"background-color:#30ac15; color:white\">MNMI \u2013 ZKMN :: Magyar Nemzetis\u00e9gi M\u0171vel\u0151d\u00e9si Int\u00e9zet Lendva \u2013 Zavod za kulturo mad\u017earske narodnosti<\/span>\r\n\t\t<br \/>\r\n\t\t\t<b>Lokacija \u2013 Helysz\u00edn:<\/b><br \/>\r\n\t\t\t<i><a href=\"http:\/\/kjekaj.kl-kl.si\/?location=gledaliska-in-koncertna-dvorana-szinhaz-es-hangversenyterem\">Gledali\u0161ka in koncertna dvorana - Sz\u00ednh\u00e1z- \u00e9s hangversenyterem<\/a> <\/i>\r\n\t\t\t<br \/>\r\n\t\t<b>Kontakt \u2013 El\u00e9rhet\u0151s\u00e9g:<\/b><br \/> \r\n\t\t<i>Gordana \u0160krilec <\/i> | <a href=\\\"mailto:&#71;&#111;&#114;&#100;&#97;&#110;&#97;&#46;&#83;&#107;&#114;&#105;&#108;&#101;&#99;&#64;&#107;&#107;&#108;&#46;&#115;&#105;\\\">&#71;&#111;&#114;&#100;&#97;&#110;&#97;&#46;&#83;&#107;&#114;&#105;&#108;&#101;&#99;&#64;&#107;&#107;&#108;&#46;&#115;&#105;<\/a> | +386 2 577 60 24\t<\/small>\r\n\t<\/td>\r\n<\/tr><\/tbody><\/table>\n","protected":false},"excerpt":{"rendered":"","protected":false},"author":1,"featured_media":0,"parent":39,"menu_order":3,"comment_status":"closed","ping_status":"closed","template":"","meta":[],"_links":{"self":[{"href":"http:\/\/kjekaj.kl-kl.si\/index.php?rest_route=\/wp\/v2\/pages\/184"}],"collection":[{"href":"http:\/\/kjekaj.kl-kl.si\/index.php?rest_route=\/wp\/v2\/pages"}],"about":[{"href":"http:\/\/kjekaj.kl-kl.si\/index.php?rest_route=\/wp\/v2\/types\/page"}],"author":[{"embeddable":true,"href":"http:\/\/kjekaj.kl-kl.si\/index.php?rest_route=\/wp\/v2\/users\/1"}],"replies":[{"embeddable":true,"href":"http:\/\/kjekaj.kl-kl.si\/index.php?rest_route=%2Fwp%2Fv2%2Fcomments&post=184"}],"version-history":[{"count":13,"href":"http:\/\/kjekaj.kl-kl.si\/index.php?rest_route=\/wp\/v2\/pages\/184\/revisions"}],"predecessor-version":[{"id":649,"href":"http:\/\/kjekaj.kl-kl.si\/index.php?rest_route=\/wp\/v2\/pages\/184\/revisions\/649"}],"up":[{"embeddable":true,"href":"http:\/\/kjekaj.kl-kl.si\/index.php?rest_route=\/wp\/v2\/pages\/39"}],"wp:attachment":[{"href":"http:\/\/kjekaj.kl-kl.si\/index.php?rest_route=%2Fwp%2Fv2%2Fmedia&parent=184"}],"curies":[{"name":"wp","href":"https:\/\/api.w.org\/{rel}","templated":true}]}}